{"id":195,"date":"2022-02-24T07:05:17","date_gmt":"2022-02-24T07:05:17","guid":{"rendered":"https:\/\/themewar.com\/wp\/bepro\/main\/?page_id=195"},"modified":"2025-12-07T16:31:47","modified_gmt":"2025-12-07T13:31:47","slug":"iletisim1","status":"publish","type":"page","link":"https:\/\/www.netbims.com\/?page_id=195","title":{"rendered":"\u0130leti\u015fim"},"content":{"rendered":"\t\t<div data-elementor-type=\"wp-page\" data-elementor-id=\"195\" class=\"elementor elementor-195\" data-elementor-post-type=\"page\">\n\t\t\t\t\t\t<section class=\"elementor-section elementor-top-section elementor-element elementor-element-4713796 elementor-section-full_width elementor-section-height-default elementor-section-height-default\" data-id=\"4713796\" data-element_type=\"section\" data-e-type=\"section\">\n\t\t\t\t\t\t<div class=\"elementor-container elementor-column-gap-no\">\n\t\t\t\t\t<div class=\"elementor-column elementor-col-100 elementor-top-column elementor-element elementor-element-7076507\" data-id=\"7076507\" data-element_type=\"column\" data-e-type=\"column\">\n\t\t\t<div class=\"elementor-widget-wrap\">\n\t\t\t\t\t\t\t<\/div>\n\t\t<\/div>\n\t\t\t\t\t<\/div>\n\t\t<\/section>\n\t\t\t\t<section class=\"elementor-section elementor-top-section elementor-element elementor-element-27968ca elementor-section-boxed elementor-section-height-default elementor-section-height-default\" data-id=\"27968ca\" data-element_type=\"section\" data-e-type=\"section\">\n\t\t\t\t\t\t<div class=\"elementor-container elementor-column-gap-extended\">\n\t\t\t\t\t<div class=\"elementor-column elementor-col-100 elementor-top-column elementor-element elementor-element-8a0c332\" data-id=\"8a0c332\" data-element_type=\"column\" data-e-type=\"column\">\n\t\t\t<div class=\"elementor-widget-wrap elementor-element-populated\">\n\t\t\t\t\t\t<section class=\"elementor-section elementor-inner-section elementor-element elementor-element-dec8fae elementor-section-boxed elementor-section-height-default elementor-section-height-default\" data-id=\"dec8fae\" data-element_type=\"section\" data-e-type=\"section\" data-settings=\"{&quot;background_background&quot;:&quot;classic&quot;}\">\n\t\t\t\t\t\t<div class=\"elementor-container elementor-column-gap-extended\">\n\t\t\t\t\t<div class=\"elementor-column elementor-col-50 elementor-inner-column elementor-element elementor-element-0558a5e\" data-id=\"0558a5e\" data-element_type=\"column\" data-e-type=\"column\">\n\t\t\t<div class=\"elementor-widget-wrap elementor-element-populated\">\n\t\t\t\t\t\t<div class=\"elementor-element elementor-element-98df9d6 bep_heading elementor-align-left elementor-widget elementor-widget-tw-heading\" data-id=\"98df9d6\" data-element_type=\"widget\" data-e-type=\"widget\" data-widget_type=\"tw-heading.default\">\n\t\t\t\t<div class=\"elementor-widget-container\">\n\t\t\t\t\t            <h2 class=\"bep_heading\">NetBims \u0130zolasyonlu Hafif Yap\u0131 Elemanlar\u0131 Ltd. \u015eti.\n<\/h2>\r\n        \t\t\t\t<\/div>\n\t\t\t\t<\/div>\n\t\t\t\t<div class=\"elementor-element elementor-element-5770e34 box_holder elementor-align-left elementor-widget elementor-widget-tw-icon-box\" data-id=\"5770e34\" data-element_type=\"widget\" data-e-type=\"widget\" data-widget_type=\"tw-icon-box.default\">\n\t\t\t\t<div class=\"elementor-widget-container\">\n\t\t\t\t\t<div class=\"icon_box_06 cmIconBxstyle\">\r\n    <div class=\"ibMeta\">\r\n        <i class=\"bpro-location\"><\/i>    <\/div>\r\n            <p>Nev\u015fehir - Ni\u011fde Yolu 5 Km NEV\u015eEH\u0130R\n<\/p>\r\n    <\/div>\t\t\t\t<\/div>\n\t\t\t\t<\/div>\n\t\t\t\t<div class=\"elementor-element elementor-element-a0dc64e box_holder elementor-align-left elementor-widget elementor-widget-tw-icon-box\" data-id=\"a0dc64e\" data-element_type=\"widget\" data-e-type=\"widget\" data-widget_type=\"tw-icon-box.default\">\n\t\t\t\t<div class=\"elementor-widget-container\">\n\t\t\t\t\t<div class=\"icon_box_06 cmIconBxstyle\">\r\n    <div class=\"ibMeta\">\r\n        <i class=\"bpro-phone-call-1\"><\/i>    <\/div>\r\n            <p>0 (384) 232 82 82<\/p>\r\n    <\/div>\t\t\t\t<\/div>\n\t\t\t\t<\/div>\n\t\t\t\t<div class=\"elementor-element elementor-element-bcdaf78 box_holder elementor-align-left elementor-widget elementor-widget-tw-icon-box\" data-id=\"bcdaf78\" data-element_type=\"widget\" data-e-type=\"widget\" data-widget_type=\"tw-icon-box.default\">\n\t\t\t\t<div class=\"elementor-widget-container\">\n\t\t\t\t\t<div class=\"icon_box_06 cmIconBxstyle\">\r\n    <div class=\"ibMeta\">\r\n        <i class=\"twi-fax\"><\/i>    <\/div>\r\n            <p>0 (384) 212 06 38<\/p>\r\n    <\/div>\t\t\t\t<\/div>\n\t\t\t\t<\/div>\n\t\t\t\t<div class=\"elementor-element elementor-element-7a11219 box_holder elementor-align-left elementor-widget elementor-widget-tw-icon-box\" data-id=\"7a11219\" data-element_type=\"widget\" data-e-type=\"widget\" data-widget_type=\"tw-icon-box.default\">\n\t\t\t\t<div class=\"elementor-widget-container\">\n\t\t\t\t\t<div class=\"icon_box_06 cmIconBxstyle\">\r\n    <div class=\"ibMeta\">\r\n        <i class=\"twi-mobile-alt\"><\/i>    <\/div>\r\n            <p>0 (532) 236 65 06<\/p>\r\n    <\/div>\t\t\t\t<\/div>\n\t\t\t\t<\/div>\n\t\t\t\t<div class=\"elementor-element elementor-element-994a62e box_holder elementor-align-left elementor-widget elementor-widget-tw-icon-box\" data-id=\"994a62e\" data-element_type=\"widget\" data-e-type=\"widget\" data-widget_type=\"tw-icon-box.default\">\n\t\t\t\t<div class=\"elementor-widget-container\">\n\t\t\t\t\t<div class=\"icon_box_06 cmIconBxstyle\">\r\n    <div class=\"ibMeta\">\r\n        <i class=\"bpro-mail-3\"><\/i>    <\/div>\r\n            <p>satis@netbims.com<\/p>\r\n    <\/div>\t\t\t\t<\/div>\n\t\t\t\t<\/div>\n\t\t\t\t\t<\/div>\n\t\t<\/div>\n\t\t\t\t<div class=\"elementor-column elementor-col-50 elementor-inner-column elementor-element elementor-element-b523e60\" data-id=\"b523e60\" data-element_type=\"column\" data-e-type=\"column\">\n\t\t\t<div class=\"elementor-widget-wrap elementor-element-populated\">\n\t\t\t\t\t\t<div class=\"elementor-element elementor-element-e9496a0 bep_heading elementor-align-left elementor-widget elementor-widget-tw-heading\" data-id=\"e9496a0\" data-element_type=\"widget\" data-e-type=\"widget\" data-widget_type=\"tw-heading.default\">\n\t\t\t\t<div class=\"elementor-widget-container\">\n\t\t\t\t\t            <h2 class=\"bep_heading\">\u0130leti\u015fim Formu<\/h2>\r\n        \t\t\t\t<\/div>\n\t\t\t\t<\/div>\n\t\t\t\t<div class=\"elementor-element elementor-element-3981c9d contact_align elementor-align-center elementor-widget elementor-widget-tw-contact-form\" data-id=\"3981c9d\" data-element_type=\"widget\" data-e-type=\"widget\" data-widget_type=\"tw-contact-form.default\">\n\t\t\t\t<div class=\"elementor-widget-container\">\n\t\t\t\t\t<div class=\"contact_form\">                [contact-form-7 id=\"5\"]<\/div>\t\t\t\t<\/div>\n\t\t\t\t<\/div>\n\t\t\t\t\t<\/div>\n\t\t<\/div>\n\t\t\t\t\t<\/div>\n\t\t<\/section>\n\t\t\t\t\t<\/div>\n\t\t<\/div>\n\t\t\t\t\t<\/div>\n\t\t<\/section>\n\t\t<div class=\"elementor-element elementor-element-3fa1783 e-flex e-con-boxed e-con e-parent\" data-id=\"3fa1783\" data-element_type=\"container\" data-e-type=\"container\">\n\t\t\t\t\t<div class=\"e-con-inner\">\n\t\t\t\t<div class=\"elementor-element elementor-element-8fcd41f elementor-widget elementor-widget-google_maps\" data-id=\"8fcd41f\" data-element_type=\"widget\" data-e-type=\"widget\" data-widget_type=\"google_maps.default\">\n\t\t\t\t<div class=\"elementor-widget-container\">\n\t\t\t\t\t\t\t<div class=\"elementor-custom-embed\">\n\t\t\t<iframe loading=\"lazy\"\n\t\t\t\t\tsrc=\"https:\/\/maps.google.com\/maps?q=netbims%20&t=m&z=15&output=embed&iwloc=near\"\n\t\t\t\t\ttitle=\"netbims \"\n\t\t\t\t\taria-label=\"netbims \"\n\t\t\t><\/iframe>\n\t\t<\/div>\n\t\t\t\t\t\t<\/div>\n\t\t\t\t<\/div>\n\t\t\t\t\t<\/div>\n\t\t\t\t<\/div>\n\t\t\t\t<\/div>\n\t\t","protected":false},"excerpt":{"rendered":"<p>NetBims \u0130zolasyonlu Hafif Yap\u0131 Elemanlar\u0131 Ltd. \u015eti. Nev\u015fehir \u2013 Ni\u011fde Yolu 5 Km NEV\u015eEH\u0130R 0 (384) 232 82 82 0 (384) 212 06 38 0 (532) 236 65 06 satis@netbims.com \u0130leti\u015fim Formu Ad\u0131n\u0131z E-posta adresiniz Konu \u0130letiniz (tercihe ba\u011fl\u0131)<\/p>\n","protected":false},"author":1,"featured_media":0,"parent":0,"menu_order":0,"comment_status":"closed","ping_status":"closed","template":"","meta":{"footnotes":""},"class_list":["post-195","page","type-page","status-publish","hentry"],"_links":{"self":[{"href":"https:\/\/www.netbims.com\/index.php?rest_route=\/wp\/v2\/pages\/195","targetHints":{"allow":["GET"]}}],"collection":[{"href":"https:\/\/www.netbims.com\/index.php?rest_route=\/wp\/v2\/pages"}],"about":[{"href":"https:\/\/www.netbims.com\/index.php?rest_route=\/wp\/v2\/types\/page"}],"author":[{"embeddable":true,"href":"https:\/\/www.netbims.com\/index.php?rest_route=\/wp\/v2\/users\/1"}],"replies":[{"embeddable":true,"href":"https:\/\/www.netbims.com\/index.php?rest_route=%2Fwp%2Fv2%2Fcomments&post=195"}],"version-history":[{"count":16,"href":"https:\/\/www.netbims.com\/index.php?rest_route=\/wp\/v2\/pages\/195\/revisions"}],"predecessor-version":[{"id":5215,"href":"https:\/\/www.netbims.com\/index.php?rest_route=\/wp\/v2\/pages\/195\/revisions\/5215"}],"wp:attachment":[{"href":"https:\/\/www.netbims.com\/index.php?rest_route=%2Fwp%2Fv2%2Fmedia&parent=195"}],"curies":[{"name":"wp","href":"https:\/\/api.w.org\/{rel}","templated":true}]}}