{"id":3423,"date":"2022-03-06T16:09:45","date_gmt":"2022-03-06T16:09:45","guid":{"rendered":"https:\/\/themewar.com\/wp\/bepro\/main\/?page_id=3423"},"modified":"2023-12-26T23:47:20","modified_gmt":"2023-12-26T20:47:20","slug":"hakkimizda","status":"publish","type":"page","link":"https:\/\/www.netbims.com\/?page_id=3423","title":{"rendered":"Hakk\u0131m\u0131zda"},"content":{"rendered":"\t\t<div data-elementor-type=\"wp-page\" data-elementor-id=\"3423\" class=\"elementor elementor-3423\" data-elementor-post-type=\"page\">\n\t\t\t\t\t\t<section class=\"elementor-section elementor-top-section elementor-element elementor-element-a7d1594 elementor-section-boxed elementor-section-height-default elementor-section-height-default\" data-id=\"a7d1594\" data-element_type=\"section\" data-e-type=\"section\">\n\t\t\t\t\t\t<div class=\"elementor-container elementor-column-gap-extended\">\n\t\t\t\t\t<div class=\"elementor-column elementor-col-50 elementor-top-column elementor-element elementor-element-9e406d1\" data-id=\"9e406d1\" data-element_type=\"column\" data-e-type=\"column\">\n\t\t\t<div class=\"elementor-widget-wrap elementor-element-populated\">\n\t\t\t\t\t\t<div class=\"elementor-element elementor-element-067ff13 elementor-widget elementor-widget-image\" data-id=\"067ff13\" data-element_type=\"widget\" data-e-type=\"widget\" data-widget_type=\"image.default\">\n\t\t\t\t<div class=\"elementor-widget-container\">\n\t\t\t\t\t\t\t\t\t\t\t\t\t\t\t<img fetchpriority=\"high\" decoding=\"async\" width=\"1024\" height=\"678\" src=\"https:\/\/www.netbims.com\/wp-content\/uploads\/2023\/12\/ACR_7356-1024x678-1.jpg\" class=\"attachment-full size-full wp-image-5343\" alt=\"\" srcset=\"https:\/\/www.netbims.com\/wp-content\/uploads\/2023\/12\/ACR_7356-1024x678-1.jpg 1024w, https:\/\/www.netbims.com\/wp-content\/uploads\/2023\/12\/ACR_7356-1024x678-1-300x199.jpg 300w, https:\/\/www.netbims.com\/wp-content\/uploads\/2023\/12\/ACR_7356-1024x678-1-768x509.jpg 768w, https:\/\/www.netbims.com\/wp-content\/uploads\/2023\/12\/ACR_7356-1024x678-1-600x397.jpg 600w\" sizes=\"(max-width: 1024px) 100vw, 1024px\" \/>\t\t\t\t\t\t\t\t\t\t\t\t\t\t\t<\/div>\n\t\t\t\t<\/div>\n\t\t\t\t<div class=\"elementor-element elementor-element-34f2df8 elementor-widget elementor-widget-image\" data-id=\"34f2df8\" data-element_type=\"widget\" data-e-type=\"widget\" data-widget_type=\"image.default\">\n\t\t\t\t<div class=\"elementor-widget-container\">\n\t\t\t\t\t\t\t\t\t\t\t\t\t\t\t<img decoding=\"async\" width=\"1024\" height=\"678\" src=\"https:\/\/www.netbims.com\/wp-content\/uploads\/2023\/12\/ACR_7358-1024x678-1.jpg\" class=\"attachment-full size-full wp-image-5363\" alt=\"\" srcset=\"https:\/\/www.netbims.com\/wp-content\/uploads\/2023\/12\/ACR_7358-1024x678-1.jpg 1024w, https:\/\/www.netbims.com\/wp-content\/uploads\/2023\/12\/ACR_7358-1024x678-1-300x199.jpg 300w, https:\/\/www.netbims.com\/wp-content\/uploads\/2023\/12\/ACR_7358-1024x678-1-768x509.jpg 768w, https:\/\/www.netbims.com\/wp-content\/uploads\/2023\/12\/ACR_7358-1024x678-1-600x397.jpg 600w\" sizes=\"(max-width: 1024px) 100vw, 1024px\" \/>\t\t\t\t\t\t\t\t\t\t\t\t\t\t\t<\/div>\n\t\t\t\t<\/div>\n\t\t\t\t<div class=\"elementor-element elementor-element-4cae62f elementor-widget elementor-widget-image\" data-id=\"4cae62f\" data-element_type=\"widget\" data-e-type=\"widget\" data-widget_type=\"image.default\">\n\t\t\t\t<div class=\"elementor-widget-container\">\n\t\t\t\t\t\t\t\t\t\t\t\t\t\t\t<img decoding=\"async\" width=\"1024\" height=\"678\" src=\"https:\/\/www.netbims.com\/wp-content\/uploads\/2023\/12\/ACR_7372-1024x678-1.jpg\" class=\"attachment-full size-full wp-image-5364\" alt=\"\" srcset=\"https:\/\/www.netbims.com\/wp-content\/uploads\/2023\/12\/ACR_7372-1024x678-1.jpg 1024w, https:\/\/www.netbims.com\/wp-content\/uploads\/2023\/12\/ACR_7372-1024x678-1-300x199.jpg 300w, https:\/\/www.netbims.com\/wp-content\/uploads\/2023\/12\/ACR_7372-1024x678-1-768x509.jpg 768w, https:\/\/www.netbims.com\/wp-content\/uploads\/2023\/12\/ACR_7372-1024x678-1-600x397.jpg 600w\" sizes=\"(max-width: 1024px) 100vw, 1024px\" \/>\t\t\t\t\t\t\t\t\t\t\t\t\t\t\t<\/div>\n\t\t\t\t<\/div>\n\t\t\t\t\t<\/div>\n\t\t<\/div>\n\t\t\t\t<div class=\"elementor-column elementor-col-50 elementor-top-column elementor-element elementor-element-cf450b8\" data-id=\"cf450b8\" data-element_type=\"column\" data-e-type=\"column\">\n\t\t\t<div class=\"elementor-widget-wrap elementor-element-populated\">\n\t\t\t\t\t\t<div class=\"elementor-element elementor-element-be71959 orga_t_align elementor-align-left elementor-widget elementor-widget-tw-sec-title\" data-id=\"be71959\" data-element_type=\"widget\" data-e-type=\"widget\" data-widget_type=\"tw-sec-title.default\">\n\t\t\t\t<div class=\"elementor-widget-container\">\n\t\t\t\t\t                    <div class=\"subTitle  \">T\u00fcrkiye'nin Bims Markas\u0131<\/div>\r\n                            <h2 class=\"secTitle\">NetBims \u0130zolasyonlu Hafif Yap\u0131 Elemanlar\u0131 Ltd. \u015eti.<\/h2>\r\n        \t\t\t\t<\/div>\n\t\t\t\t<\/div>\n\t\t\t\t<div class=\"elementor-element elementor-element-2c21d7c pr_paragraphs elementor-align-left elementor-widget elementor-widget-tw-text\" data-id=\"2c21d7c\" data-element_type=\"widget\" data-e-type=\"widget\" data-widget_type=\"tw-text.default\">\n\t\t\t\t<div class=\"elementor-widget-container\">\n\t\t\t\t\t<p class=\"bep_paragraph \">B\u0130Z K\u0130M\u0130Z <br>\n1988 Y\u0131l\u0131nda \u00d6ZDEM\u0130RLER T\u0130CARET olarak in\u015faat ve in\u015faat malzemeleri sekt\u00f6r\u00fcnde ticari hayat\u0131na ba\u015flam\u0131\u015ft\u0131r.\nFirmam\u0131z 1990 y\u0131l\u0131nda NEVPET PETROL MADEN\u0130 YA\u011e , NAKL\u0130YE \u0130N\u015eAAT MALZEMELER\u0130 SAN.T\u0130C.LTD.\u015eT\u0130. ad\u0131 alt\u0131nda faaliyetine ba\u015flam\u0131\u015f olup , petrol ve petrol \u00fcr\u00fcnleri toptan ve parakende sat\u0131\u015f\u0131 ile bu sekt\u00f6rde b\u00f6lgemizde ilk y\u0131llarda kazanm\u0131\u015f oldu\u011fu liderli\u011fini halen devam ettirmektedir.\n2007 y\u0131l\u0131nda Lojistik sekt\u00f6r\u00fcne girmi\u015f olup , m\u00fc\u015fteri hizmet odakl\u0131 h\u0131zl\u0131 kaliteli ve g\u00fcvenli \u00e7al\u0131\u015fmalar\u0131na devam etmektedir.\n2010 y\u0131l\u0131nda Akaryak\u0131t sekt\u00f6r\u00fcne girmi\u015f olup , kaliteli \u00fcr\u00fcnlerini m\u00fc\u015fteri memnuniyetini ilke edinmi\u015f , sekt\u00f6rde hizmetlerine g\u00fcvenle devam etmektedir.\n2013 y\u0131l\u0131n\u0131n ilk aylar\u0131nda planlanan ve 2014 y\u0131l\u0131n\u0131n Mart ay\u0131nda B\u0130MS sekt\u00f6r\u00fcnde faaliyetine ba\u015flayan fabrikam\u0131z NETB\u0130MS markal\u0131 \u00fcr\u00fcnlerimiz kar\u0131\u015f\u0131m\u0131n haz\u0131rlanmas\u0131ndan paketlemeye kadar y\u00fcksek \u00fcretim teknolojisi uzman kadrosu TSE (EN 771-3)  ve CE , ISO 9001-2008  ve UTO belgeleri ile ,Avrupa standartlar\u0131ndaki \u00fcretimi sekt\u00f6r\u00fcn en kapsaml\u0131 kalite ve ar-ge departman\u0131 ile \u00fcst\u00fcn kalitede duvar ve asmolen bloklar\u0131n\u0131 in\u015faat sekt\u00f6r\u00fcn\u00fcn hizmetine sunmaktad\u0131r.\nFabrikam\u0131z 4000 m2 kapal\u0131 ve 42000 m2 a\u00e7\u0131k alana sahip tesislerimizde g\u00fcnl\u00fck 256.000 adet \u00fcretimiyle sekt\u00f6r\u00fcn \u00f6nc\u00fc kurulu\u015flar\u0131ndand\u0131r.\nFirmam\u0131z sekt\u00f6rel hizmet etkinliklerini , evrensel standartlarda y\u00fcr\u00fcterek ekonomik ve teknolojik geli\u015fmelerin takibinde m\u00fc\u015fterilerimizin beklentileri do\u011frultusunda , kaliteden \u00f6d\u00fcn vermeksizin g\u00fcvenilir , do\u011fal \u00fcr\u00fcnler \u00fcretmeyi bilgiyi uygulamay\u0131 ama\u00e7 edinmi\u015ftir.\n\u0130nsanl\u0131\u011f\u0131n kullana geldi\u011fi en eski yap\u0131 malzemelrinden biri olan pomza\u2019dan mamul B\u0130MSBLOK\u2019lar\u0131n faydalar\u0131 y\u0131llar \u00f6ncesinden ke\u015ffedilmi\u015f ve g\u00fcn\u00fcm\u00fczde teknoloji ile birlikte hafifli\u011fi y\u00fcksek \u0131s\u0131 , ses ve nem izolasyon etkileri , atmosferik \u015fartlar ola\u011fan\u00fcst\u00fc direnci ile de in\u015faat sekt\u00f6r\u00fcn\u00fcn en g\u00f6zde yap\u0131 malzemeleri haline gelmi\u015ftir.Bizde NETB\u0130MS olarak bu malzemeden olu\u015fan yap\u0131 malzemelerinde \u00e7ok say\u0131da \u00fcr\u00fcn \u00e7e\u015fidi ile m\u00fc\u015fteri memnuniyeti ve \u00fcr\u00fcn kalitesini \u00f6n planda tutarak , portf\u00f6y\u00fcm\u00fczdeki ara\u00e7 filomuzla m\u00fc\u015fterilerimize h\u0131zl\u0131 servis sunmaktay\u0131z\u2026\n<\/p>\t\t\t\t<\/div>\n\t\t\t\t<\/div>\n\t\t\t\t\t<\/div>\n\t\t<\/div>\n\t\t\t\t\t<\/div>\n\t\t<\/section>\n\t\t\t\t<section class=\"elementor-section elementor-top-section elementor-element elementor-element-0340c4a elementor-section-boxed elementor-section-height-default elementor-section-height-default\" data-id=\"0340c4a\" data-element_type=\"section\" data-e-type=\"section\">\n\t\t\t\t\t\t<div class=\"elementor-container elementor-column-gap-extended\">\n\t\t\t\t\t<div class=\"elementor-column elementor-col-50 elementor-top-column elementor-element elementor-element-55a997a\" data-id=\"55a997a\" data-element_type=\"column\" data-e-type=\"column\">\n\t\t\t<div class=\"elementor-widget-wrap elementor-element-populated\">\n\t\t\t\t\t\t<div class=\"elementor-element elementor-element-7efaf8d elementor-widget elementor-widget-image\" data-id=\"7efaf8d\" data-element_type=\"widget\" data-e-type=\"widget\" data-widget_type=\"image.default\">\n\t\t\t\t<div class=\"elementor-widget-container\">\n\t\t\t\t\t\t\t\t\t\t\t\t\t\t\t<img decoding=\"async\" src=\"https:\/\/themewar.com\/wp\/bepro\/main\/wp-content\/uploads\/2022\/03\/1-5.png\" title=\"\" alt=\"\" loading=\"lazy\" \/>\t\t\t\t\t\t\t\t\t\t\t\t\t\t\t<\/div>\n\t\t\t\t<\/div>\n\t\t\t\t<div class=\"elementor-element elementor-element-54e91ae elementor-widget elementor-widget-text-editor\" data-id=\"54e91ae\" data-element_type=\"widget\" data-e-type=\"widget\" data-widget_type=\"text-editor.default\">\n\t\t\t\t<div class=\"elementor-widget-container\">\n\t\t\t\t\t\t\t\t\t<p><span style=\"color: #000000;\"><strong>DE\u011eERLER\u0130M\u0130Z<\/strong><\/span><\/p><ul><li>D\u00fcr\u00fcst , \u015feffaf ve etik<\/li><li>\u0130nsana sayg\u0131l\u0131<\/li><li>\u00c7evreye duyarl\u0131<\/li><li>Yarat\u0131c\u0131 ve yenilik\u00e7i<\/li><li>M\u00fc\u015fteri odakl\u0131<\/li><li>\u00c7al\u0131\u015fanlar\u0131n\u0131n geli\u015fimini destekleyen<\/li><li>Tak\u0131m \u00e7al\u0131\u015fmas\u0131na \u00f6nem veren.<br \/><br \/><\/li><\/ul>\t\t\t\t\t\t\t\t<\/div>\n\t\t\t\t<\/div>\n\t\t\t\t\t<\/div>\n\t\t<\/div>\n\t\t\t\t<div class=\"elementor-column elementor-col-50 elementor-top-column elementor-element elementor-element-299cb1b\" data-id=\"299cb1b\" data-element_type=\"column\" data-e-type=\"column\">\n\t\t\t<div class=\"elementor-widget-wrap elementor-element-populated\">\n\t\t\t\t\t\t<div class=\"elementor-element elementor-element-b0323a7 orga_t_align elementor-align-left elementor-widget elementor-widget-tw-sec-title\" data-id=\"b0323a7\" data-element_type=\"widget\" data-e-type=\"widget\" data-widget_type=\"tw-sec-title.default\">\n\t\t\t\t<div class=\"elementor-widget-container\">\n\t\t\t\t\t                            <h2 class=\"secTitle\">Misyon ve Vizyon<\/h2>\r\n        \t\t\t\t<\/div>\n\t\t\t\t<\/div>\n\t\t\t\t<div class=\"elementor-element elementor-element-a8c81d8 elementor-widget elementor-widget-text-editor\" data-id=\"a8c81d8\" data-element_type=\"widget\" data-e-type=\"widget\" data-widget_type=\"text-editor.default\">\n\t\t\t\t<div class=\"elementor-widget-container\">\n\t\t\t\t\t\t\t\t\t<ul><li>\u00a0M\u00fc\u015fterilerimizin istekleri do\u011frultusunda , \u00fcr\u00fcn ve hizmetlerimizi s\u00fcrekli geli\u015ftirerek %100 m\u00fc\u015fteri memnuniyetini sa\u011flamak,<\/li><li>D\u00fcnya standartlar\u0131na uygun bimsblok ve t\u00fcrevleri \u00fcretiminde s\u00fcreklilik sa\u011flamak,<\/li><li>Rekabet g\u00fcc\u00fcm\u00fcz\u00fc artt\u0131rmak i\u00e7in maliyetlerimizde ve \u00fcretimde s\u00fcrekli iyile\u015fmeyi sa\u011flamak,<\/li><li>Sekt\u00f6rde hedef b\u00f6lgeler ve pazarlarda yeni kullan\u0131c\u0131lara ula\u015farak mevcut pazar pay\u0131m\u0131z\u0131 s\u00fcrekli artt\u0131rmak,<\/li><li>\u0130\u015f\u00e7i sa\u011fl\u0131\u011f\u0131 ve i\u015f g\u00fcvenli\u011fi ile \u00e7evrenin korunmas\u0131 konular\u0131nda m\u00fckemmelli\u011fe do\u011fru s\u00fcrekli ilerlemek,<\/li><li>Bug\u00fcn ve gelecekte kurumumuzu s\u00fcrekli ba\u015far\u0131l\u0131 k\u0131lmak i\u00e7in ; ilkeli , sorumlu ve motivasyonu y\u00fckseltecek bir liderlik anlay\u0131\u015f\u0131 ile \u00e7al\u0131\u015fanlar\u0131n geli\u015fimlerini desteklemek ve potansiyellerini en \u00fcst seviyede kullanmalar\u0131n\u0131 sa\u011flamak , kat\u0131l\u0131mlar\u0131n\u0131 artt\u0131rmak ,<\/li><li>De\u011fi\u015fen ekonomik \u015fartlar do\u011frultusunda , ihtiya\u00e7lara cevap verebilecek esnek tak\u0131m \u00e7al\u0131\u015fmalar\u0131n\u0131 desteklemek ve geli\u015ftirmek.<\/li><\/ul>\t\t\t\t\t\t\t\t<\/div>\n\t\t\t\t<\/div>\n\t\t\t\t<div class=\"elementor-element elementor-element-04b2805 bep_heading elementor-align-center elementor-widget elementor-widget-tw-heading\" data-id=\"04b2805\" data-element_type=\"widget\" data-e-type=\"widget\" data-widget_type=\"tw-heading.default\">\n\t\t\t\t<div class=\"elementor-widget-container\">\n\t\t\t\t\t            <h5 class=\"bep_heading\">NetBims \u0130zolasyonlu Hafif Yap\u0131 Elemanlar\u0131 Ltd. \u015eti.<\/h5>\r\n        \t\t\t\t<\/div>\n\t\t\t\t<\/div>\n\t\t\t\t<div class=\"elementor-element elementor-element-6453d0e elementor-widget elementor-widget-tw-skill-bar\" data-id=\"6453d0e\" data-element_type=\"widget\" data-e-type=\"widget\" data-widget_type=\"tw-skill-bar.default\">\n\t\t\t\t<div class=\"elementor-widget-container\">\n\t\t\t\t\t            <div class=\"single_skill cmskbar\" data-parcent=\"100\">\r\n                                    <h5>\u00c7evre Dostu<\/h5>\r\n                                <div class=\"ss_parent\"><div class=\"ss_child\"><\/div><span class=\"runing\">100%<\/span><\/div>\r\n            <\/div>\r\n            \t\t\t\t<\/div>\n\t\t\t\t<\/div>\n\t\t\t\t<div class=\"elementor-element elementor-element-9dd035d elementor-widget elementor-widget-tw-skill-bar\" data-id=\"9dd035d\" data-element_type=\"widget\" data-e-type=\"widget\" data-widget_type=\"tw-skill-bar.default\">\n\t\t\t\t<div class=\"elementor-widget-container\">\n\t\t\t\t\t            <div class=\"single_skill cmskbar\" data-parcent=\"100\">\r\n                                    <h5>Dayan\u0131kl\u0131 ve Kaliteli<\/h5>\r\n                                <div class=\"ss_parent\"><div class=\"ss_child\"><\/div><span class=\"runing\">100%<\/span><\/div>\r\n            <\/div>\r\n            \t\t\t\t<\/div>\n\t\t\t\t<\/div>\n\t\t\t\t\t<\/div>\n\t\t<\/div>\n\t\t\t\t\t<\/div>\n\t\t<\/section>\n\t\t\t\t<\/div>\n\t\t","protected":false},"excerpt":{"rendered":"<p>T\u00fcrkiye\u2019nin Bims Markas\u0131 NetBims \u0130zolasyonlu Hafif Yap\u0131 Elemanlar\u0131 Ltd. \u015eti. B\u0130Z K\u0130M\u0130Z 1988 Y\u0131l\u0131nda \u00d6ZDEM\u0130RLER T\u0130CARET olarak in\u015faat ve in\u015faat malzemeleri sekt\u00f6r\u00fcnde ticari hayat\u0131na ba\u015flam\u0131\u015ft\u0131r. Firmam\u0131z 1990 y\u0131l\u0131nda NEVPET PETROL MADEN\u0130 YA\u011e , NAKL\u0130YE \u0130N\u015eAAT MALZEMELER\u0130 SAN.T\u0130C.LTD.\u015eT\u0130. ad\u0131 alt\u0131nda faaliyetine ba\u015flam\u0131\u015f olup , petrol ve petrol \u00fcr\u00fcnleri toptan ve parakende sat\u0131\u015f\u0131 ile bu sekt\u00f6rde b\u00f6lgemizde [&hellip;]<\/p>\n","protected":false},"author":1,"featured_media":0,"parent":0,"menu_order":0,"comment_status":"closed","ping_status":"closed","template":"page-templates\/bepro-full-width.php","meta":{"footnotes":""},"class_list":["post-3423","page","type-page","status-publish","hentry"],"_links":{"self":[{"href":"https:\/\/www.netbims.com\/index.php?rest_route=\/wp\/v2\/pages\/3423","targetHints":{"allow":["GET"]}}],"collection":[{"href":"https:\/\/www.netbims.com\/index.php?rest_route=\/wp\/v2\/pages"}],"about":[{"href":"https:\/\/www.netbims.com\/index.php?rest_route=\/wp\/v2\/types\/page"}],"author":[{"embeddable":true,"href":"https:\/\/www.netbims.com\/index.php?rest_route=\/wp\/v2\/users\/1"}],"replies":[{"embeddable":true,"href":"https:\/\/www.netbims.com\/index.php?rest_route=%2Fwp%2Fv2%2Fcomments&post=3423"}],"version-history":[{"count":16,"href":"https:\/\/www.netbims.com\/index.php?rest_route=\/wp\/v2\/pages\/3423\/revisions"}],"predecessor-version":[{"id":5379,"href":"https:\/\/www.netbims.com\/index.php?rest_route=\/wp\/v2\/pages\/3423\/revisions\/5379"}],"wp:attachment":[{"href":"https:\/\/www.netbims.com\/index.php?rest_route=%2Fwp%2Fv2%2Fmedia&parent=3423"}],"curies":[{"name":"wp","href":"https:\/\/api.w.org\/{rel}","templated":true}]}}