{"id":5518,"date":"2023-12-27T23:20:46","date_gmt":"2023-12-27T20:20:46","guid":{"rendered":"https:\/\/www.netbims.com\/?page_id=5518"},"modified":"2023-12-27T23:24:52","modified_gmt":"2023-12-27T20:24:52","slug":"insan-kaynaklari","status":"publish","type":"page","link":"https:\/\/www.netbims.com\/?page_id=5518","title":{"rendered":"\u0130nsan Kaynaklar\u0131"},"content":{"rendered":"\t\t<div data-elementor-type=\"wp-page\" data-elementor-id=\"5518\" class=\"elementor elementor-5518\" data-elementor-post-type=\"page\">\n\t\t\t\t<div class=\"elementor-element elementor-element-974970c e-flex e-con-boxed e-con e-parent\" data-id=\"974970c\" data-element_type=\"container\" data-e-type=\"container\">\n\t\t\t\t\t<div class=\"e-con-inner\">\n\t\t\t\t<div class=\"elementor-element elementor-element-c79125d elementor-widget elementor-widget-heading\" data-id=\"c79125d\" data-element_type=\"widget\" data-e-type=\"widget\" data-widget_type=\"heading.default\">\n\t\t\t\t<div class=\"elementor-widget-container\">\n\t\t\t\t\t<h5 class=\"elementor-heading-title elementor-size-default\">Size Uygun Pozisyonlar Burada Payla\u015f\u0131lacakt\u0131r.<\/h5>\t\t\t\t<\/div>\n\t\t\t\t<\/div>\n\t\t\t\t\t<\/div>\n\t\t\t\t<\/div>\n\t\t<div class=\"elementor-element elementor-element-c16af97 e-flex e-con-boxed e-con e-parent\" data-id=\"c16af97\" data-element_type=\"container\" data-e-type=\"container\">\n\t\t\t\t\t<div class=\"e-con-inner\">\n\t\t<div class=\"elementor-element elementor-element-bb1ad97 e-con-full e-flex e-con e-child\" data-id=\"bb1ad97\" data-element_type=\"container\" data-e-type=\"container\">\n\t\t\t\t<div class=\"elementor-element elementor-element-966e6f4 elementor-widget elementor-widget-heading\" data-id=\"966e6f4\" data-element_type=\"widget\" data-e-type=\"widget\" data-widget_type=\"heading.default\">\n\t\t\t\t<div class=\"elementor-widget-container\">\n\t\t\t\t\t<h4 class=\"elementor-heading-title elementor-size-default\"><a href=\"mailto:info@netbims.com\">CV G\u00f6nderin<\/a><\/h4>\t\t\t\t<\/div>\n\t\t\t\t<\/div>\n\t\t\t\t<div class=\"elementor-element elementor-element-4bcd053 elementor-widget elementor-widget-heading\" data-id=\"4bcd053\" data-element_type=\"widget\" data-e-type=\"widget\" data-widget_type=\"heading.default\">\n\t\t\t\t<div class=\"elementor-widget-container\">\n\t\t\t\t\t<h4 class=\"elementor-heading-title elementor-size-default\"><a href=\"mailto:info@netbims.com\">info@netbims.com<\/a><\/h4>\t\t\t\t<\/div>\n\t\t\t\t<\/div>\n\t\t\t\t<\/div>\n\t\t<div class=\"elementor-element elementor-element-58e0fe4 e-con-full e-flex e-con e-child\" data-id=\"58e0fe4\" data-element_type=\"container\" data-e-type=\"container\">\n\t\t\t\t<div class=\"elementor-element elementor-element-e492111 elementor-widget elementor-widget-heading\" data-id=\"e492111\" data-element_type=\"widget\" data-e-type=\"widget\" data-widget_type=\"heading.default\">\n\t\t\t\t<div class=\"elementor-widget-container\">\n\t\t\t\t\t<h4 class=\"elementor-heading-title elementor-size-default\">A\u00e7\u0131k Pozisyonlar<\/h4>\t\t\t\t<\/div>\n\t\t\t\t<\/div>\n\t\t\t\t<div class=\"elementor-element elementor-element-83d971a elementor-widget elementor-widget-text-editor\" data-id=\"83d971a\" data-element_type=\"widget\" data-e-type=\"widget\" data-widget_type=\"text-editor.default\">\n\t\t\t\t<div class=\"elementor-widget-container\">\n\t\t\t\t\t\t\t\t\t<p><span style=\"color: #000000;\">Saha Personeli<\/span><\/p><p><span style=\"color: #000000;\">Makine Operat\u00f6r\u00fc<\/span><\/p><p><span style=\"color: #000000;\">Beden \u0130\u015f\u00e7isi<\/span><\/p><p><span style=\"color: #000000;\">\u015e\u00f6for\u00a0<\/span><\/p>\t\t\t\t\t\t\t\t<\/div>\n\t\t\t\t<\/div>\n\t\t\t\t<\/div>\n\t\t\t\t\t<\/div>\n\t\t\t\t<\/div>\n\t\t\t\t<\/div>\n\t\t","protected":false},"excerpt":{"rendered":"<p>Size Uygun Pozisyonlar Burada Payla\u015f\u0131lacakt\u0131r. CV G\u00f6nderin info@netbims.com A\u00e7\u0131k Pozisyonlar Saha Personeli Makine Operat\u00f6r\u00fc Beden \u0130\u015f\u00e7isi \u015e\u00f6for\u00a0<\/p>\n","protected":false},"author":1,"featured_media":0,"parent":0,"menu_order":0,"comment_status":"closed","ping_status":"closed","template":"","meta":{"footnotes":""},"class_list":["post-5518","page","type-page","status-publish","hentry"],"_links":{"self":[{"href":"https:\/\/www.netbims.com\/index.php?rest_route=\/wp\/v2\/pages\/5518","targetHints":{"allow":["GET"]}}],"collection":[{"href":"https:\/\/www.netbims.com\/index.php?rest_route=\/wp\/v2\/pages"}],"about":[{"href":"https:\/\/www.netbims.com\/index.php?rest_route=\/wp\/v2\/types\/page"}],"author":[{"embeddable":true,"href":"https:\/\/www.netbims.com\/index.php?rest_route=\/wp\/v2\/users\/1"}],"replies":[{"embeddable":true,"href":"https:\/\/www.netbims.com\/index.php?rest_route=%2Fwp%2Fv2%2Fcomments&post=5518"}],"version-history":[{"count":10,"href":"https:\/\/www.netbims.com\/index.php?rest_route=\/wp\/v2\/pages\/5518\/revisions"}],"predecessor-version":[{"id":5529,"href":"https:\/\/www.netbims.com\/index.php?rest_route=\/wp\/v2\/pages\/5518\/revisions\/5529"}],"wp:attachment":[{"href":"https:\/\/www.netbims.com\/index.php?rest_route=%2Fwp%2Fv2%2Fmedia&parent=5518"}],"curies":[{"name":"wp","href":"https:\/\/api.w.org\/{rel}","templated":true}]}}